{"id":2031,"date":"2017-05-04T16:54:32","date_gmt":"2017-05-04T15:54:32","guid":{"rendered":"http:\/\/www.locations-vacances-serignan.com\/?page_id=2031"},"modified":"2026-01-01T18:56:23","modified_gmt":"2026-01-01T17:56:23","slug":"holidays-rentals-serignan-occitanie","status":"publish","type":"page","link":"https:\/\/www.locations-vacances-serignan.com\/en\/","title":{"rendered":"Holidays rentals S\u00e9rignan H\u00e9rault welcome at Mas de Langrola estate"},"content":{"rendered":"<h2 style=\"text-align: center;\">Welcome to the holidays rentals S\u00e9rignan H\u00e9rault website,<\/h2>\n<h4 style=\"text-align: center;\"><\/h4>\n<h5 style=\"text-align: center;\"><\/h5>\n<p>&nbsp;<\/p>\n<p>For 16 years Sophie and Guy welcome you in their accommodations in <strong>Mas de Langrola<\/strong>, a must in <strong>S\u00e9rignan H\u00e9rault<\/strong> for lovers of authenticity and <strong>Mediterranean lifestyle.<\/strong><\/p>\n<p>The holidays rentals S\u00e9rignan, offer formulas per <strong>week<\/strong> from June to September and <strong>short stay<\/strong> in Spring and Autumn. You are on a d<strong>irect owner<\/strong> website.Le Mas de Langrola, was a winery in the centre of the typical Languedoc <strong>S\u00e9rignan village<\/strong> in the H\u00e9rault region. we offer you a<strong> NO CAR holidays<\/strong> because You will be next to everything. You park your car and only take it or bicycle, to drive to the beach within 3 km. All shops, banks, cafes and the market are within 5 minutes of the property by walking.<\/p>\n<p><strong>The beaches<\/strong> are accessible by bike by bike lanes<\/p>\n<p>&nbsp;<\/p>\n<p><strong>Swimming pool<\/strong>, Private car park, <strong>wifi,<\/strong> included household linen, barbecue, &#8230;<\/p>\n<p style=\"text-align: center;\"><div class=\"one_half\"><p><img loading=\"lazy\" decoding=\"async\" class=\"aligncenter wp-image-1552 size-full\" src=\"https:\/\/www.locations-vacances-serignan.com\/wp-content\/uploads\/2015\/12\/terrasse-accueil.jpg\" alt=\"holidays rentals S\u00e9rignan\" width=\"300\" height=\"200\" srcset=\"https:\/\/www.locations-vacances-serignan.com\/wp-content\/uploads\/2015\/12\/terrasse-accueil.jpg 300w, https:\/\/www.locations-vacances-serignan.com\/wp-content\/uploads\/2015\/12\/terrasse-accueil-150x100.jpg 150w\" sizes=\"auto, (max-width: 300px) 100vw, 300px\" \/><\/p>\n<h3 style=\"text-align: center;\"><a href=\"https:\/\/www.locations-vacances-serignan.com\/en\/holidays-rentals\/sabrina-suite-rental-serignan-occitanie\/\">Sabrina&#8217;s suite<\/a><\/h3>\n<p style=\"text-align: center;\">Studio flat\u00a0for\u00a0<strong>2<\/strong> people, ground floor<\/p>\n<h5 style=\"text-align: center;\"><strong>CLOSED\u00a0<\/strong><\/h5>\n<p style=\"text-align: center;\">\u00a0<strong>air conditioning,<\/strong>\u00a0private terrace overlooking the garden,<\/p>\n<p style=\"text-align: center;\"><strong>wifi<\/strong>, car park, <strong>SHARED<\/strong> <strong>POOL<\/strong><\/p><\/div>\n<div class=\"one_half column-last\"><p><img loading=\"lazy\" decoding=\"async\" class=\"aligncenter wp-image-1554 size-full\" src=\"https:\/\/www.locations-vacances-serignan.com\/wp-content\/uploads\/2015\/12\/piscine-maison-sarah-accueil.jpg\" alt=\"private pool rental Serignan Occitanie\" width=\"300\" height=\"200\" srcset=\"https:\/\/www.locations-vacances-serignan.com\/wp-content\/uploads\/2015\/12\/piscine-maison-sarah-accueil.jpg 300w, https:\/\/www.locations-vacances-serignan.com\/wp-content\/uploads\/2015\/12\/piscine-maison-sarah-accueil-150x100.jpg 150w\" sizes=\"auto, (max-width: 300px) 100vw, 300px\" \/><\/p>\n<h3 style=\"text-align: center;\"><a href=\"https:\/\/www.locations-vacances-serignan.com\/en\/sarah-house-rental\/\">Sarah&#8217;s house rental<\/a><\/h3>\n<p style=\"text-align: center;\"><strong>Independent<\/strong> House for up to <strong>7<\/strong> people,<\/p>\n<p style=\"text-align: center;\"><strong>air conditioned bedrooms\u00a0<\/strong><\/p>\n<p style=\"text-align: center;\"><strong>PRIVATE POOL, terrace, car park <\/strong><strong>, WIFI, &#8230;<\/strong><\/p><\/div>\n\t\t\t<div class=\"clearer\"><\/div>\n<div class=\"one_half\"><p><img loading=\"lazy\" decoding=\"async\" class=\"aligncenter wp-image-6473 size-medium\" src=\"https:\/\/www.locations-vacances-serignan.com\/wp-content\/uploads\/2025\/04\/MAZET-210425-300x225.jpg\" alt=\"\" width=\"300\" height=\"225\" srcset=\"https:\/\/www.locations-vacances-serignan.com\/wp-content\/uploads\/2025\/04\/MAZET-210425-300x225.jpg 300w, https:\/\/www.locations-vacances-serignan.com\/wp-content\/uploads\/2025\/04\/MAZET-210425-150x113.jpg 150w, https:\/\/www.locations-vacances-serignan.com\/wp-content\/uploads\/2025\/04\/MAZET-210425.jpg 600w\" sizes=\"auto, (max-width: 300px) 100vw, 300px\" \/><\/p>\n<h3 style=\"text-align: center;\"><a href=\"https:\/\/www.locations-vacances-serignan.com\/en\/holidays-rentals\/maxime-house-rental\/\">Maxim&#8217;s house rental<\/a><\/h3>\n<p style=\"text-align: center;\">House with 2 bedrooms for up to <strong>4<\/strong> people<\/p>\n<p style=\"text-align: center;\"><strong>house with fans<\/strong><\/p>\n<p style=\"text-align: center;\"><strong>SHARED POOL, terrace, car park <\/strong><strong>, WIFI, &#8230;<\/strong><\/p><\/div>\n<div class=\"one_half column-last\"><p><img loading=\"lazy\" decoding=\"async\" class=\"aligncenter wp-image-6514 size-medium\" src=\"https:\/\/www.locations-vacances-serignan.com\/wp-content\/uploads\/2025\/06\/APPART-RUE-SALON-300x223.jpg\" alt=\"\" width=\"300\" height=\"223\" srcset=\"https:\/\/www.locations-vacances-serignan.com\/wp-content\/uploads\/2025\/06\/APPART-RUE-SALON-300x223.jpg 300w, https:\/\/www.locations-vacances-serignan.com\/wp-content\/uploads\/2025\/06\/APPART-RUE-SALON-150x111.jpg 150w, https:\/\/www.locations-vacances-serignan.com\/wp-content\/uploads\/2025\/06\/APPART-RUE-SALON.jpg 600w\" sizes=\"auto, (max-width: 300px) 100vw, 300px\" \/><\/p>\n<h3 style=\"text-align: center;\"><a href=\"https:\/\/www.locations-vacances-serignan.com\/en\/grape-pickers-suite-rental-serignan-occitanie\/\">grape pickers suite<\/a><\/h3>\n<h5 style=\"text-align: center;\">Apartment \u00a0up to\u00a0<strong>2<\/strong> people<\/h5>\n<p style=\"text-align: center;\"><strong>first and last floor<\/strong>, <strong>air conditioning<\/strong><\/p>\n<h5 style=\"text-align: center;\">swimmig-pool and 3000 m2 garden of the property<\/h5>\n<p style=\"text-align: center;\"><span style=\"color: #000000;\"><span style=\"caret-color: #000000;\"><b>car park in front of the\u00a0apartment\u00a0<\/b><\/span><\/span><\/p><\/div>\n\t\t\t<div class=\"clearer\"><\/div>\n<h3>Situation of holiday rentals S\u00e9rignan<\/h3>\n<p>The holidays rentals Serignan are in the center of the\u00a0village, within 3 km of the S\u00e9rignan and Valras sandy beaches, seaside resort,<\/p>\n<p>Near all amenities, restaurants, administrative services, shops, markets in the very lively and typical place of the South, local produce &#8230; within a radius of 300 meters. No need to take your car parked on your private closed car park.<\/p>\n<p>S\u00e9rignan village is a very lively wine village which offers the wines of its producers in a particular cellar or cooperative cellar.<\/p>\n<p>You can take advantage of large fine S\u00e9rignan sandy beaches while being shielded from the summer agitation.<\/p>\n<p>A footbridge and a bike path allow you to reach the sea by bike.<\/p>\n<p>Access Motorway A9, A75.<\/p>\n<p>SNCF railway station within 12 kilometers and B\u00e9ziers Agde airport within 15 kilometers.<\/p>\n<p>Within 30 minutes of Montpellier, 45 minutes of the city of Carcassonne, 3 kilometers of the Canal du Midi.<\/p>\n<div class=\"divider type_3\"><\/div>\n<div class=\"one_half\"><p>&nbsp;<\/p>\n<p>Holidays rentals S\u00e9rignan is the guarantee and know-how of an owner, a clear price, a warm welcome, a presence in case of problems, no supplement or extra fees of booking.<\/p><\/div>\n<div class=\"one_half column-last\"><p>&nbsp;<\/p><\/div>\n\t\t\t<div class=\"clearer\"><\/div>\n<div class=\"divider type_3\"><\/div>\n","protected":false},"excerpt":{"rendered":"<p>Welcome to the holidays rentals S\u00e9rignan H\u00e9rault website, &nbsp; For 16 years Sophie and Guy welcome you in their accommodations in Mas de Langrola, a must in S\u00e9rignan H\u00e9rault for lovers of authenticity and Mediterranean lifestyle. The holidays rentals &hellip; <\/p>\n<p><a href=\"https:\/\/www.locations-vacances-serignan.com\/en\/\" class=\"read_more_link\">Read more<\/a><\/p>\n","protected":false},"author":1,"featured_media":0,"parent":0,"menu_order":0,"comment_status":"closed","ping_status":"closed","template":"","meta":{"footnotes":""},"class_list":["post-2031","page","type-page","status-publish","hentry"],"_links":{"self":[{"href":"https:\/\/www.locations-vacances-serignan.com\/en\/wp-json\/wp\/v2\/pages\/2031","targetHints":{"allow":["GET"]}}],"collection":[{"href":"https:\/\/www.locations-vacances-serignan.com\/en\/wp-json\/wp\/v2\/pages"}],"about":[{"href":"https:\/\/www.locations-vacances-serignan.com\/en\/wp-json\/wp\/v2\/types\/page"}],"author":[{"embeddable":true,"href":"https:\/\/www.locations-vacances-serignan.com\/en\/wp-json\/wp\/v2\/users\/1"}],"replies":[{"embeddable":true,"href":"https:\/\/www.locations-vacances-serignan.com\/en\/wp-json\/wp\/v2\/comments?post=2031"}],"version-history":[{"count":117,"href":"https:\/\/www.locations-vacances-serignan.com\/en\/wp-json\/wp\/v2\/pages\/2031\/revisions"}],"predecessor-version":[{"id":6632,"href":"https:\/\/www.locations-vacances-serignan.com\/en\/wp-json\/wp\/v2\/pages\/2031\/revisions\/6632"}],"wp:attachment":[{"href":"https:\/\/www.locations-vacances-serignan.com\/en\/wp-json\/wp\/v2\/media?parent=2031"}],"curies":[{"name":"wp","href":"https:\/\/api.w.org\/{rel}","templated":true}]}}