{"id":2081,"date":"2017-05-05T16:16:56","date_gmt":"2017-05-05T15:16:56","guid":{"rendered":"http:\/\/www.locations-vacances-serignan.com\/?page_id=2081"},"modified":"2024-03-08T09:39:32","modified_gmt":"2024-03-08T08:39:32","slug":"contact-us","status":"publish","type":"page","link":"https:\/\/www.locations-vacances-serignan.com\/en\/contact-us\/","title":{"rendered":"CONTACT US for your holidays rental in Languedoc"},"content":{"rendered":"<p><img loading=\"lazy\" decoding=\"async\" class=\"aligncenter wp-image-1860 size-full\" src=\"https:\/\/www.locations-vacances-serignan.com\/wp-content\/uploads\/2015\/12\/plage-canigou-banniere.jpg\" alt=\"contact us form\" width=\"795\" height=\"345\" srcset=\"https:\/\/www.locations-vacances-serignan.com\/wp-content\/uploads\/2015\/12\/plage-canigou-banniere.jpg 795w, https:\/\/www.locations-vacances-serignan.com\/wp-content\/uploads\/2015\/12\/plage-canigou-banniere-300x130.jpg 300w, https:\/\/www.locations-vacances-serignan.com\/wp-content\/uploads\/2015\/12\/plage-canigou-banniere-768x333.jpg 768w, https:\/\/www.locations-vacances-serignan.com\/wp-content\/uploads\/2015\/12\/plage-canigou-banniere-150x65.jpg 150w\" sizes=\"auto, (max-width: 795px) 100vw, 795px\" \/><\/p>\n<h2 style=\"text-align: center;\"><strong>Contact us\u00a0<\/strong><\/h2>\n<p>If you want to contact us OUR MAIL ADRESS below to ask any information for\u00a0\u00a0your holiday rental \u00a0S\u00e9rignan Occitanie.<\/p>\n<p>S\u00e9rignan Holiday rentals is the guarantee and know-how of an owner, a clear price, a warm welcome, a presence in case of problems, no supplement or extra fees of booking<\/p>\n<p>we&#8217;ll give you a personalized quick answer\u00a0.<\/p>\n<p>we are also presents on <a href=\"https:\/\/twitter.com\/langrola\" target=\"_blank\" rel=\"noopener noreferrer\">Twitter<\/a>, <a href=\"https:\/\/www.facebook.com\/Gites.Langrola.Serignan\/\" target=\"_blank\" rel=\"noopener noreferrer\">Facebook<\/a> and <a href=\"https:\/\/www.instagram.com\/mas.langrola.serignan\/\" target=\"_blank\" rel=\"noopener noreferrer\">Instagram<\/a>\u00a0connect and like!!<\/p>\n<div class=\"divider type_3\"><\/div>\n<h3>mail\u00a0 : <a href=\"mailto:locations.vacances.serignan@gmail.com\">locations.vacances.serignan@gmail.com<\/a><\/h3>\n<div class=\"divider type_3\"><\/div>\n<p>&nbsp;<\/p>\n<p><iframe loading=\"lazy\" style=\"border: 0;\" src=\"https:\/\/www.google.com\/maps\/embed?pb=!1m18!1m12!1m3!1d147078.6260281469!2d3.2832323401149863!3d43.262294471658365!2m3!1f0!2f0!3f0!3m2!1i1024!2i768!4f13.1!3m3!1m2!1s0x12b1100a9d3908bd%3A0xee1a2f027ad35de0!2sLocations+vacances+S%C3%A9rignan!5e0!3m2!1sfr!2sfr!4v1450722576476\" width=\"100%\" height=\"400\" frameborder=\"0\" allowfullscreen=\"allowfullscreen\"><\/iframe><\/p>\n<div class=\"divider type_3\"><\/div>\n<div class=\"alert custom_message\"><div class=\"alert_box_content\">\n<p><img loading=\"lazy\" decoding=\"async\" class=\"alignnone wp-image-1022 size-full\" src=\"http:\/\/www.locations-vacances-serignan.com\/wp-content\/uploads\/2016\/08\/LOGO2clairpetit-e1471935894306.png\" alt=\"chalets esquits\" width=\"150\" height=\"97\" \/><\/p>\n<h4>Discover our gites in Pyr\u00e9n\u00e9es mountains at Font Romeu Pyr\u00e9n\u00e9es 2000<\/h4>\n<h4><a href=\"http:\/\/www.chalets-esquits.com\">http:\/\/www.chalets-esquits.com<\/a><\/h4>\n<\/div>\n\t\t\t<\/div>\n","protected":false},"excerpt":{"rendered":"<p>Contact us\u00a0 If you want to contact us OUR MAIL ADRESS below to ask any information for\u00a0\u00a0your holiday rental \u00a0S\u00e9rignan Occitanie. S\u00e9rignan Holiday rentals is the guarantee and know-how of an owner, a clear price, a warm welcome, a &hellip; <\/p>\n<p><a href=\"https:\/\/www.locations-vacances-serignan.com\/en\/contact-us\/\" class=\"read_more_link\">Read more<\/a><\/p>\n","protected":false},"author":1,"featured_media":0,"parent":0,"menu_order":0,"comment_status":"closed","ping_status":"closed","template":"","meta":{"footnotes":""},"class_list":["post-2081","page","type-page","status-publish","hentry"],"_links":{"self":[{"href":"https:\/\/www.locations-vacances-serignan.com\/en\/wp-json\/wp\/v2\/pages\/2081","targetHints":{"allow":["GET"]}}],"collection":[{"href":"https:\/\/www.locations-vacances-serignan.com\/en\/wp-json\/wp\/v2\/pages"}],"about":[{"href":"https:\/\/www.locations-vacances-serignan.com\/en\/wp-json\/wp\/v2\/types\/page"}],"author":[{"embeddable":true,"href":"https:\/\/www.locations-vacances-serignan.com\/en\/wp-json\/wp\/v2\/users\/1"}],"replies":[{"embeddable":true,"href":"https:\/\/www.locations-vacances-serignan.com\/en\/wp-json\/wp\/v2\/comments?post=2081"}],"version-history":[{"count":23,"href":"https:\/\/www.locations-vacances-serignan.com\/en\/wp-json\/wp\/v2\/pages\/2081\/revisions"}],"predecessor-version":[{"id":6126,"href":"https:\/\/www.locations-vacances-serignan.com\/en\/wp-json\/wp\/v2\/pages\/2081\/revisions\/6126"}],"wp:attachment":[{"href":"https:\/\/www.locations-vacances-serignan.com\/en\/wp-json\/wp\/v2\/media?parent=2081"}],"curies":[{"name":"wp","href":"https:\/\/api.w.org\/{rel}","templated":true}]}}